{"id":167,"date":"2023-08-29T10:54:22","date_gmt":"2023-08-29T08:54:22","guid":{"rendered":"http:\/\/woxmas.ttfonweb.be\/?page_id=167"},"modified":"2023-08-29T10:55:13","modified_gmt":"2023-08-29T08:55:13","slug":"petite-histoire-du-marche-de-noel","status":"publish","type":"page","link":"https:\/\/woxmas.ttfonweb.be\/index.php\/petite-histoire-du-marche-de-noel\/","title":{"rendered":"Petite histoire du march\u00e9 de No\u00ebl"},"content":{"rendered":"\n<p>En 2023, la 22\u00e8me \u00e9dition de notre petit march\u00e9&#8230; Une long\u00e9vit\u00e9 remarquable pour un petit \u00e9v\u00e8nement communal annuel. Revenons \u00e0 ces d\u00e9buts&#8230; <\/p>\n\n\n\n<p>Dans les ann\u00e9es 90, le parvis Saint-Pierre de WO avait perdu ses animations. Les commerces fermaient et seules quelques brocantes attiraient encore des visiteurs heureux de red\u00e9couvrir cet endroit pittoresque.<\/p>\n\n\n\n<p>En 2001, deux francophones et une n\u00e9erlandophone se r\u00e9unirent pour organiser un petit march\u00e9 de Noel. Il a commenc\u00e9 petit : deux tentes venant du centre de pr\u00eat de la communaut\u00e9 fran\u00e7aise \u00e0 Naninne.<br>Mais le succ\u00e8s fut au rendez-vous et le b\u00e9n\u00e9fice g\u00e9n\u00e9r\u00e9 fut vers\u00e9 \u00e0 l\u2019Unit\u00e9 82 de l\u2019UCL.<\/p>\n\n\n\n<p>En 2002, on recommen\u00e7a et le b\u00e9n\u00e9fice fut r\u00e9serv\u00e9 \u00e0 \u00ab\u00a0<em>l\u2019Etincelle<\/em>\u00a0\u00bb et \u00e0 \u00ab\u00a0 <em>La Maison familiale<\/em>\u00a0\u00bb<\/p>\n\n\n\n<p>\u00ab\u00a0<em>Noel au parvis Saint-Pierre<\/em>\u00a0\u00bb \u00e9tait n\u00e9 !<\/p>\n\n\n\n<p>Cette association <strong>sans but lucratif<\/strong> est <strong>politiquement et philosophiquement neutre<\/strong>, et n\u2019est ne se pr\u00e9occupe <strong>que<\/strong> de l\u2019animation de l\u2019endroit et du soutien \u00e0 des \u0153uvres m\u00e9ritantes<br>(une liste des associations aid\u00e9es est disponible sur demande).<\/p>\n\n\n\n<p>Les March\u00e9s suivants \u00e9taient organis\u00e9s par des b\u00e9n\u00e9voles qui fabriquaient eux-m\u00eames les produits propos\u00e9s et vendus sans b\u00e9n\u00e9fice personnel. <\/p>\n\n\n\n<p>Le nombre de tentes ayant augment\u00e9, les ets Steenacker mirent gracieusement un camion et un chauffeur \u00e0 la disposition des responsables pour assurer le transport du mat\u00e9riel emprunt\u00e9.<\/p>\n\n\n\n<p>Mais ann\u00e9e apr\u00e8s ann\u00e9e, le nombre des b\u00e9n\u00e9voles \u00ab&nbsp;fabricants&nbsp;\u00bb diminue et les organisateurs font appel \u00e0 des artisans professionnels (qui paient leur emplacement) et d\u2019une soci\u00e9t\u00e9 qui se charge du montage et du d\u00e9montage des tentes (lou\u00e9es).<\/p>\n\n\n\n<p>L\u2019association \u00ab&nbsp; Noel au parvis Saint-Pierre&nbsp;\u00bb a f\u00eat\u00e9 ses 20 ans en 2021 et vous attend tous pour l\u2019aider \u00e0 \u00e9crire la suite de son histoire.<\/p>\n","protected":false},"excerpt":{"rendered":"<p>En 2023, la 22\u00e8me \u00e9dition de notre petit march\u00e9&#8230; Une long\u00e9vit\u00e9 remarquable pour un petit \u00e9v\u00e8nement communal annuel. Revenons \u00e0 ces d\u00e9buts&#8230; Dans les ann\u00e9es 90, le parvis Saint-Pierre de WO avait perdu ses animations. Les commerces fermaient et seules quelques brocantes attiraient encore des visiteurs heureux de red\u00e9couvrir cet endroit pittoresque. En 2001, deux&hellip; <a class=\"more-link\" href=\"https:\/\/woxmas.ttfonweb.be\/index.php\/petite-histoire-du-marche-de-noel\/\">Continue reading <span class=\"screen-reader-text\">Petite histoire du march\u00e9 de No\u00ebl<\/span><\/a><\/p>\n","protected":false},"author":2,"featured_media":0,"parent":0,"menu_order":0,"comment_status":"closed","ping_status":"closed","template":"","meta":{"footnotes":""},"class_list":["post-167","page","type-page","status-publish","hentry","entry"],"_links":{"self":[{"href":"https:\/\/woxmas.ttfonweb.be\/index.php\/wp-json\/wp\/v2\/pages\/167","targetHints":{"allow":["GET"]}}],"collection":[{"href":"https:\/\/woxmas.ttfonweb.be\/index.php\/wp-json\/wp\/v2\/pages"}],"about":[{"href":"https:\/\/woxmas.ttfonweb.be\/index.php\/wp-json\/wp\/v2\/types\/page"}],"author":[{"embeddable":true,"href":"https:\/\/woxmas.ttfonweb.be\/index.php\/wp-json\/wp\/v2\/users\/2"}],"replies":[{"embeddable":true,"href":"https:\/\/woxmas.ttfonweb.be\/index.php\/wp-json\/wp\/v2\/comments?post=167"}],"version-history":[{"count":1,"href":"https:\/\/woxmas.ttfonweb.be\/index.php\/wp-json\/wp\/v2\/pages\/167\/revisions"}],"predecessor-version":[{"id":169,"href":"https:\/\/woxmas.ttfonweb.be\/index.php\/wp-json\/wp\/v2\/pages\/167\/revisions\/169"}],"wp:attachment":[{"href":"https:\/\/woxmas.ttfonweb.be\/index.php\/wp-json\/wp\/v2\/media?parent=167"}],"curies":[{"name":"wp","href":"https:\/\/api.w.org\/{rel}","templated":true}]}}